{"id":4453,"date":"2025-09-26T13:26:08","date_gmt":"2025-09-26T11:26:08","guid":{"rendered":"https:\/\/legalxchange.de\/imprint\/"},"modified":"2026-01-12T15:49:16","modified_gmt":"2026-01-12T14:49:16","slug":"imprint","status":"publish","type":"page","link":"https:\/\/legalxchange.de\/en\/imprint\/","title":{"rendered":"Imprint"},"content":{"rendered":"\t\t<div data-elementor-type=\"wp-page\" data-elementor-id=\"4453\" class=\"elementor elementor-4453 elementor-138\" data-elementor-post-type=\"page\">\n\t\t\t\t<div class=\"elementor-element elementor-element-35c06cf e-flex e-con-boxed e-con e-parent\" data-id=\"35c06cf\" data-element_type=\"container\" data-e-type=\"container\">\n\t\t\t\t\t<div class=\"e-con-inner\">\n\t\t\t\t<div class=\"elementor-element elementor-element-27ebafd elementor-widget elementor-widget-heading\" data-id=\"27ebafd\" data-element_type=\"widget\" data-e-type=\"widget\" data-widget_type=\"heading.default\">\n\t\t\t\t\t<h1 class=\"elementor-heading-title elementor-size-default\">Imprint<\/h1>\t\t\t\t<\/div>\n\t\t\t\t<div class=\"elementor-element elementor-element-96e3409 elementor-widget elementor-widget-text-editor\" data-id=\"96e3409\" data-element_type=\"widget\" data-e-type=\"widget\" data-widget_type=\"text-editor.default\">\n\t\t\t\t\t\t\t\t\t<p>Verlag C.H.Beck GmbH &amp; Co. KG<br>Wilhelmstra\u00dfe 9<br>80801 M\u00fcnchen<br><br>Mailing address:<br>Postfach 40 03 40<br>80703 M\u00fcnchen<\/p><p>Phone: (0 89) 3 81 89-0<\/p><p>E-mail: <a href=\"mailto:info@_delete_this_beck.de\">info@beck.de<\/a><br>Website: <a href=\"http:\/\/www.beck.de\/\">www.beck.de<\/a><\/p><p>Please also see our list of <a href=\"https:\/\/rsw.beck.de\/kontakt\">contact persons<\/a>.<\/p><p>Verlag C.H.Beck GmbH &amp; Co. KG registered in Munich under Commercial Register No. HRA 48045, is represented by C.H.Beck Verwaltungs GmbH registered in Munich under Commercial Register No. HRB 254521, Managing Directors: Dr. Klaus Weber, Dr. Jonathan Beck, Dr. Christian Kopp, Dr. Thomas Aichberger, Dr. Maximilian Schenk, Kilian Steiner.<\/p><p>VAT ID No.: DE 129 73 47 54<\/p><p>\u2013 \u2013 \u2013<\/p><p>Legal Tech Colab<\/p><p>UnternehmerTUM GmbH<br>Lichtenbergstr. 6<br>85748 Garching b. M\u00fcnchen<\/p><p>Represented by<\/p><p>Prof. Dr. Helmut Sch\u00f6nenberger (CEO)<br>Stefan Dr\u00fcssler<br>Claudia Frey<br>Christian Mohr<br>Thomas Zeller<\/p><p><strong>Contact<\/strong><\/p><p>+49 89-541 986 9800<br>+49 89-541 987 0060<br><a href=\"mailto:info@unternehmertum.de\">info@unternehmertum.de<\/a><\/p><p><strong>Register Entry<\/strong><\/p><p>Entry in: Handelsregister<br>Register Court: Amtsgericht M\u00fcnchen<br>Register Number: HRB 141703<\/p><p><strong>VAT Number<\/strong><\/p><p>VAT identification number in accordance with Section 27 a of the German VAT act:<br>DE 252 789 694<\/p><p><strong>Responsible in Accordance with Section 18 Paragraph 2 MStV <\/strong><\/p><p>Prof. Dr. Helmut Sch\u00f6nenberger (CEO)<br>Stefan Dr\u00fcssler<br>Claudia Frey<br>Christian Mohr<br>Thomas Zeller<\/p><p>\u2013 \u2013 \u2013<\/p><p><strong>Liquid Legal Institute e.V.<\/strong><strong><br><\/strong>Munich, Germany<\/p><p><strong> <\/strong><\/p><p><strong>Adresse \/ address<\/strong><br>Almenrauschstra\u00dfe 25<br>85521 Ottobrunn, Germany<\/p><p><strong> <\/strong><\/p><p><strong>E-Mail \/ E-mail<\/strong><\/p><p><a href=\"mailto:info@liquid-legal-institute.org\"><strong>info@liquid-legal-institute.org<\/strong><\/a><\/p><p><strong>Vorstand im Sinne des \u00a7 <\/strong><strong>26 BGB \/ Management board in the terms of <\/strong><strong>\u00a7 26 BGB:<\/strong><br>Kai Jacob (Vorsitzender \/ Chairman), Dr. Dierk Schindler, Dr. Bernhard Waltl<\/p><p><strong>Gesch\u00e4ftsf\u00fchrung \/ Executive director:<\/strong> Dr. Dierk Schindler<\/p><p><strong>Registergericht \/ Registration court:<\/strong> Amtsgericht M\u00fcnchen \/ District Court Munich<\/p><p><strong>Registernummer \/ Registration number:<\/strong> VR 207699<\/p><p><strong>Umsatzsteuer-Identifikationsnummer \/ VAT identification number (gem. \u00a7 27 a Umsatzsteuergesetz): <\/strong>DE319785253<\/p><p>\u2013 \u2013 \u2013<\/p><p><strong>Legal Tech Verband Deutschland e.V.<\/strong><\/p><p><strong>Information according to \u00a7 5 TMG<\/strong><\/p><p>Legal Tech Verband Deutschland e.V.<br>Friedrichstr. 171<br>10117 Berlin <\/p><p>Represented by the Board of Directors:<br>Alisha Andert (Chairwomen), Stefan C. Schicker (Chairman), Philippa Peters, Mariam El-Ahmad, Philipp Hammerich, Maraja Fistanic, Dr. Seven-Alexander von Normann, Sebastian von Glahn<\/p><p><strong>Contact<\/strong><\/p><p>E-Mail: <a href=\"mailto:kontakt@legaltechverband.de\">kontakt@legaltechverband.de<\/a><\/p><p>Consumer dispute resolution\/universal arbitration board<\/p><p>We are not willing or obliged to participate in dispute resolution proceedings before a consumer arbitration board.<\/p>\t\t\t\t\t\t\t\t<\/div>\n\t\t\t\t<div class=\"elementor-element elementor-element-3bfe337 elementor-align-left elementor-widget elementor-widget-button\" data-id=\"3bfe337\" data-element_type=\"widget\" data-e-type=\"widget\" data-widget_type=\"button.default\">\n\t\t\t\t\t\t\t\t\t\t<a class=\"elementor-button elementor-button-link elementor-size-sm\" href=\"http:\/\/legalxchange.de\/en\/privacy-policy\/\" target=\"_blank\">\n\t\t\t\t\t\t<span class=\"elementor-button-content-wrapper\">\n\t\t\t\t\t\t\t\t\t<span class=\"elementor-button-text\">Privacy Policy<\/span>\n\t\t\t\t\t<\/span>\n\t\t\t\t\t<\/a>\n\t\t\t\t\t\t\t\t<\/div>\n\t\t\t\t<div class=\"elementor-element elementor-element-3060b51 elementor-align-left elementor-widget elementor-widget-button\" data-id=\"3060b51\" data-element_type=\"widget\" data-e-type=\"widget\" data-widget_type=\"button.default\">\n\t\t\t\t\t\t\t\t\t\t<a class=\"elementor-button elementor-button-link elementor-size-sm\" href=\"http:\/\/legalxchange.de\/en\/privacy-policy-linkedin\/\" target=\"_blank\">\n\t\t\t\t\t\t<span class=\"elementor-button-content-wrapper\">\n\t\t\t\t\t\t\t\t\t<span class=\"elementor-button-text\">Privacy Policy LinkedIn<\/span>\n\t\t\t\t\t<\/span>\n\t\t\t\t\t<\/a>\n\t\t\t\t\t\t\t\t<\/div>\n\t\t\t\t\t<\/div>\n\t\t\t\t<\/div>\n\t\t\t\t<\/div>\n\t\t","protected":false},"excerpt":{"rendered":"<p>Imprint Verlag C.H.Beck GmbH &amp; Co. KGWilhelmstra\u00dfe 980801 M\u00fcnchen Mailing address:Postfach 40 03 4080703 M\u00fcnchen Phone: (0 89) 3 81 89-0 E-mail: info@beck.deWebsite: www.beck.de Please also see our list of contact persons. Verlag C.H.Beck GmbH &amp; Co. KG registered in Munich under Commercial Register No. HRA 48045, is represented by C.H.Beck Verwaltungs GmbH registered in [&hellip;]<\/p>\n","protected":false},"author":1,"featured_media":0,"parent":0,"menu_order":0,"comment_status":"closed","ping_status":"closed","template":"","meta":{"footnotes":""},"class_list":["post-4453","page","type-page","status-publish","hentry"],"yoast_head":"<!-- This site is optimized with the Yoast SEO plugin v27.2 - https:\/\/yoast.com\/product\/yoast-seo-wordpress\/ -->\n<title>Imprint - legalXchange<\/title>\n<meta name=\"robots\" content=\"index, follow, max-snippet:-1, max-image-preview:large, max-video-preview:-1\" \/>\n<link rel=\"canonical\" href=\"https:\/\/legalxchange.de\/en\/imprint\/\" \/>\n<meta property=\"og:locale\" content=\"en_US\" \/>\n<meta property=\"og:type\" content=\"article\" \/>\n<meta property=\"og:title\" content=\"Imprint - legalXchange\" \/>\n<meta property=\"og:description\" content=\"Imprint Verlag C.H.Beck GmbH &amp; Co. KGWilhelmstra\u00dfe 980801 M\u00fcnchen Mailing address:Postfach 40 03 4080703 M\u00fcnchen Phone: (0 89) 3 81 89-0 E-mail: info@beck.deWebsite: www.beck.de Please also see our list of contact persons. Verlag C.H.Beck GmbH &amp; Co. KG registered in Munich under Commercial Register No. HRA 48045, is represented by C.H.Beck Verwaltungs GmbH registered in [&hellip;]\" \/>\n<meta property=\"og:url\" content=\"https:\/\/legalxchange.de\/en\/imprint\/\" \/>\n<meta property=\"og:site_name\" content=\"legalXchange\" \/>\n<meta property=\"article:modified_time\" content=\"2026-01-12T14:49:16+00:00\" \/>\n<meta name=\"twitter:card\" content=\"summary_large_image\" \/>\n<meta name=\"twitter:label1\" content=\"Est. reading time\" \/>\n\t<meta name=\"twitter:data1\" content=\"1 minute\" \/>\n<script type=\"application\/ld+json\" class=\"yoast-schema-graph\">{\"@context\":\"https:\/\/schema.org\",\"@graph\":[{\"@type\":\"WebPage\",\"@id\":\"https:\/\/legalxchange.de\/en\/imprint\/\",\"url\":\"https:\/\/legalxchange.de\/en\/imprint\/\",\"name\":\"Imprint - legalXchange\",\"isPartOf\":{\"@id\":\"https:\/\/legalxchange.de\/en\/#website\"},\"datePublished\":\"2025-09-26T11:26:08+00:00\",\"dateModified\":\"2026-01-12T14:49:16+00:00\",\"breadcrumb\":{\"@id\":\"https:\/\/legalxchange.de\/en\/imprint\/#breadcrumb\"},\"inLanguage\":\"en-US\",\"potentialAction\":[{\"@type\":\"ReadAction\",\"target\":[\"https:\/\/legalxchange.de\/en\/imprint\/\"]}]},{\"@type\":\"BreadcrumbList\",\"@id\":\"https:\/\/legalxchange.de\/en\/imprint\/#breadcrumb\",\"itemListElement\":[{\"@type\":\"ListItem\",\"position\":1,\"name\":\"Startseite\",\"item\":\"https:\/\/legalxchange.de\/en\/\"},{\"@type\":\"ListItem\",\"position\":2,\"name\":\"Imprint\"}]},{\"@type\":\"WebSite\",\"@id\":\"https:\/\/legalxchange.de\/en\/#website\",\"url\":\"https:\/\/legalxchange.de\/en\/\",\"name\":\"legalXchange\",\"description\":\"28. bis 30.04.2026 | Deutschlands neues Signature Event f\u00fcr die\\u2028digitale Transformation im Rechtsmarkt\",\"publisher\":{\"@id\":\"https:\/\/legalxchange.de\/en\/#organization\"},\"potentialAction\":[{\"@type\":\"SearchAction\",\"target\":{\"@type\":\"EntryPoint\",\"urlTemplate\":\"https:\/\/legalxchange.de\/en\/?s={search_term_string}\"},\"query-input\":{\"@type\":\"PropertyValueSpecification\",\"valueRequired\":true,\"valueName\":\"search_term_string\"}}],\"inLanguage\":\"en-US\"},{\"@type\":\"Organization\",\"@id\":\"https:\/\/legalxchange.de\/en\/#organization\",\"name\":\"Verlag C.H.Beck GmbH & Co. KG\",\"url\":\"https:\/\/legalxchange.de\/en\/\",\"logo\":{\"@type\":\"ImageObject\",\"inLanguage\":\"en-US\",\"@id\":\"https:\/\/legalxchange.de\/en\/#\/schema\/logo\/image\/\",\"url\":\"https:\/\/legalxchange.de\/wp-content\/uploads\/2025\/10\/cropped-Logo_legalXchange_white.jpg\",\"contentUrl\":\"https:\/\/legalxchange.de\/wp-content\/uploads\/2025\/10\/cropped-Logo_legalXchange_white.jpg\",\"width\":332,\"height\":250,\"caption\":\"Verlag C.H.Beck GmbH & Co. KG\"},\"image\":{\"@id\":\"https:\/\/legalxchange.de\/en\/#\/schema\/logo\/image\/\"}}]}<\/script>\n<!-- \/ Yoast SEO plugin. -->","yoast_head_json":{"title":"Imprint - legalXchange","robots":{"index":"index","follow":"follow","max-snippet":"max-snippet:-1","max-image-preview":"max-image-preview:large","max-video-preview":"max-video-preview:-1"},"canonical":"https:\/\/legalxchange.de\/en\/imprint\/","og_locale":"en_US","og_type":"article","og_title":"Imprint - legalXchange","og_description":"Imprint Verlag C.H.Beck GmbH &amp; Co. KGWilhelmstra\u00dfe 980801 M\u00fcnchen Mailing address:Postfach 40 03 4080703 M\u00fcnchen Phone: (0 89) 3 81 89-0 E-mail: info@beck.deWebsite: www.beck.de Please also see our list of contact persons. Verlag C.H.Beck GmbH &amp; Co. KG registered in Munich under Commercial Register No. HRA 48045, is represented by C.H.Beck Verwaltungs GmbH registered in [&hellip;]","og_url":"https:\/\/legalxchange.de\/en\/imprint\/","og_site_name":"legalXchange","article_modified_time":"2026-01-12T14:49:16+00:00","twitter_card":"summary_large_image","twitter_misc":{"Est. reading time":"1 minute"},"schema":{"@context":"https:\/\/schema.org","@graph":[{"@type":"WebPage","@id":"https:\/\/legalxchange.de\/en\/imprint\/","url":"https:\/\/legalxchange.de\/en\/imprint\/","name":"Imprint - legalXchange","isPartOf":{"@id":"https:\/\/legalxchange.de\/en\/#website"},"datePublished":"2025-09-26T11:26:08+00:00","dateModified":"2026-01-12T14:49:16+00:00","breadcrumb":{"@id":"https:\/\/legalxchange.de\/en\/imprint\/#breadcrumb"},"inLanguage":"en-US","potentialAction":[{"@type":"ReadAction","target":["https:\/\/legalxchange.de\/en\/imprint\/"]}]},{"@type":"BreadcrumbList","@id":"https:\/\/legalxchange.de\/en\/imprint\/#breadcrumb","itemListElement":[{"@type":"ListItem","position":1,"name":"Startseite","item":"https:\/\/legalxchange.de\/en\/"},{"@type":"ListItem","position":2,"name":"Imprint"}]},{"@type":"WebSite","@id":"https:\/\/legalxchange.de\/en\/#website","url":"https:\/\/legalxchange.de\/en\/","name":"legalXchange","description":"28. bis 30.04.2026 | Deutschlands neues Signature Event f\u00fcr die\u2028digitale Transformation im Rechtsmarkt","publisher":{"@id":"https:\/\/legalxchange.de\/en\/#organization"},"potentialAction":[{"@type":"SearchAction","target":{"@type":"EntryPoint","urlTemplate":"https:\/\/legalxchange.de\/en\/?s={search_term_string}"},"query-input":{"@type":"PropertyValueSpecification","valueRequired":true,"valueName":"search_term_string"}}],"inLanguage":"en-US"},{"@type":"Organization","@id":"https:\/\/legalxchange.de\/en\/#organization","name":"Verlag C.H.Beck GmbH & Co. KG","url":"https:\/\/legalxchange.de\/en\/","logo":{"@type":"ImageObject","inLanguage":"en-US","@id":"https:\/\/legalxchange.de\/en\/#\/schema\/logo\/image\/","url":"https:\/\/legalxchange.de\/wp-content\/uploads\/2025\/10\/cropped-Logo_legalXchange_white.jpg","contentUrl":"https:\/\/legalxchange.de\/wp-content\/uploads\/2025\/10\/cropped-Logo_legalXchange_white.jpg","width":332,"height":250,"caption":"Verlag C.H.Beck GmbH & Co. KG"},"image":{"@id":"https:\/\/legalxchange.de\/en\/#\/schema\/logo\/image\/"}}]}},"_links":{"self":[{"href":"https:\/\/legalxchange.de\/en\/wp-json\/wp\/v2\/pages\/4453","targetHints":{"allow":["GET"]}}],"collection":[{"href":"https:\/\/legalxchange.de\/en\/wp-json\/wp\/v2\/pages"}],"about":[{"href":"https:\/\/legalxchange.de\/en\/wp-json\/wp\/v2\/types\/page"}],"author":[{"embeddable":true,"href":"https:\/\/legalxchange.de\/en\/wp-json\/wp\/v2\/users\/1"}],"replies":[{"embeddable":true,"href":"https:\/\/legalxchange.de\/en\/wp-json\/wp\/v2\/comments?post=4453"}],"version-history":[{"count":0,"href":"https:\/\/legalxchange.de\/en\/wp-json\/wp\/v2\/pages\/4453\/revisions"}],"wp:attachment":[{"href":"https:\/\/legalxchange.de\/en\/wp-json\/wp\/v2\/media?parent=4453"}],"curies":[{"name":"wp","href":"https:\/\/api.w.org\/{rel}","templated":true}]}}